{"id":22155,"date":"2025-10-09T10:00:32","date_gmt":"2025-10-09T10:00:32","guid":{"rendered":"https:\/\/equiwash.pt\/?page_id=22155"},"modified":"2025-10-09T10:38:19","modified_gmt":"2025-10-09T10:38:19","slug":"politica-de-qualidade","status":"publish","type":"page","link":"https:\/\/equiwash.pt\/en\/politica-de-qualidade\/","title":{"rendered":"Pol\u00edtica de Qualidade"},"content":{"rendered":"<div data-elementor-type=\"wp-page\" data-elementor-id=\"22155\" class=\"elementor elementor-22155\" data-elementor-post-type=\"page\">\n\t\t\t\t        <section class=\"elementor-section elementor-top-section elementor-element elementor-element-a547ffe elementor-section-full_width elementor-section-height-min-height elementor-section-stretched elementor-section-height-default elementor-section-items-middle pxl-row-scroll-none pxl-full-content-with-space-none pxl-column-overflow-gradient-top-no pxl-column-overflow-gradient-bottom-no pxl-section-bg-none\" data-id=\"a547ffe\" data-element_type=\"section\" data-settings=\"{&quot;stretch_section&quot;:&quot;section-stretched&quot;,&quot;background_background&quot;:&quot;slideshow&quot;,&quot;background_slideshow_gallery&quot;:[{&quot;id&quot;:22168,&quot;url&quot;:&quot;https:\\\/\\\/equiwash.pt\\\/wp-content\\\/uploads\\\/2025\\\/10\\\/11.jpg&quot;}],&quot;background_slideshow_loop&quot;:&quot;yes&quot;,&quot;background_slideshow_slide_duration&quot;:5000,&quot;background_slideshow_slide_transition&quot;:&quot;fade&quot;,&quot;background_slideshow_transition_duration&quot;:500}\">\n\n                            <div class=\"elementor-background-overlay\"><\/div>\n            \n                <div class=\"elementor-container elementor-column-gap-default\">\n                <div class=\"elementor-column elementor-col-100 elementor-top-column elementor-element elementor-element-1545b7c pxl-section-offset-none pxl-column-none\" data-id=\"1545b7c\" data-element_type=\"column\">\n        <div class=\"elementor-widget-wrap elementor-element-populated\">\n                     \n        \t\t<div class=\"elementor-element elementor-element-678559a elementor-widget elementor-widget-pxl_heading\" data-id=\"678559a\" data-element_type=\"widget\" data-widget_type=\"pxl_heading.default\">\n\t\t\t\t<div class=\"elementor-widget-container\">\n\t\t\t\t\t<div class=\"pxl-heading\">\n\t<div class=\"pxl-heading--inner\">\n\t\t\t\t<h2 class=\"pxl-item--title style1 df divider-none\" data-wow-delay=\"ms\" data-wow-duration=\"1.2s\">\n\t\tPol\u00edtica de Qualidade\t\t\t\t<\/h2>\n\t<\/div>\n<\/div>\n\t\t\t\t<\/div>\n\t\t\t\t<\/div>\n\t\t            <\/div>\n        <\/div>\n        \t\t\t<\/div>\n\t\t<\/section>\n\t\t        <section class=\"elementor-section elementor-top-section elementor-element elementor-element-df054f7 elementor-section-boxed elementor-section-height-default elementor-section-height-default pxl-row-scroll-none pxl-column-overflow-gradient-top-no pxl-column-overflow-gradient-bottom-no pxl-section-bg-none\" data-id=\"df054f7\" data-element_type=\"section\">\n\n                \n                <div class=\"elementor-container elementor-column-gap-default\">\n                <div class=\"elementor-column elementor-col-100 elementor-top-column elementor-element elementor-element-f8c8caf pxl-section-offset-none pxl-column-none\" data-id=\"f8c8caf\" data-element_type=\"column\">\n        <div class=\"elementor-widget-wrap elementor-element-populated\">\n                     \n        \t\t<div class=\"elementor-element elementor-element-931e578 elementor-widget elementor-widget-text-editor\" data-id=\"931e578\" data-element_type=\"widget\" data-widget_type=\"text-editor.default\">\n\t\t\t\t<div class=\"elementor-widget-container\">\n\t\t\t\t\t\t\t\t\t<div class=\"texto-equiwash\"><h6><strong>Na EQUIWASH, LDA., assumimos o compromisso de prestar um servi\u00e7o de qualidade na comercializa\u00e7\u00e3o de produtos e equipamentos, assegurando assist\u00eancia t\u00e9cnica especializada e solu\u00e7\u00f5es \u00e0 medida das necessidades dos nossos clientes.<\/strong><\/h6><p><strong style=\"letter-spacing: 0px;\">Trabalhamos diariamente com base num sistema de gest\u00e3o de qualidade eficaz e orientado para a melhoria continua:<\/strong><\/p><ul><li><strong>Satisfa\u00e7\u00e3o do Cliente<\/strong> \u2013 Superar expectativas, garantindo um servi\u00e7o rigoroso, respons\u00e1vel e de confian\u00e7a.<\/li><li><strong>Valoriza\u00e7\u00e3o das Pessoas<\/strong> \u2013 Investir na forma\u00e7\u00e3o cont\u00ednua, motiva\u00e7\u00e3o e bem-estar da nossa equipa.<\/li><li><strong>\u00c9tica e Transpar\u00eancia<\/strong> \u2013 Cumprir os compromissos assumidos com integridade e seriedade.<\/li><li><strong>Compet\u00eancia T\u00e9cnica<\/strong> \u2013 Atualizar e aplicar os conhecimentos, promovendo inova\u00e7\u00e3o e efici\u00eancia.<\/li><li><strong>Melhoria Cont\u00ednua<\/strong> \u2013 Aperfei\u00e7oar constantemente os nossos processos, produtos e servi\u00e7os.<\/li><li><strong>Conformidade<\/strong> \u2013 Cumprir todos os requisitos legais, regulamentares e normativos aplic\u00e1veis.<\/li><\/ul><p><strong style=\"letter-spacing: 0px;\">Acreditamos que a <\/strong><strong>qualidade \u00e9 um compromisso coletivo que envolve todos os colaboradores, parceiros e partes interessadas.Este compromisso fortalece rela\u00e7\u00f5es, gere valor e promove a melhoria cont\u00ednua e resultados sustent\u00e1veis.<\/strong>\u00a0<\/p><style>\n.texto-equiwash {<br \/>  color: #ffffff; \/* texto branco *\/<br \/>  font-size: 18px; \/* aumenta o tamanho do texto *\/<br \/>  line-height: 1.6; \/* melhora a leitura *\/<br \/>}<br \/>.texto-equiwash strong {<br \/>  color: #ffffff;<br \/>}<br \/><\/style><\/div>\t\t\t\t\t\t\t\t<\/div>\n\t\t\t\t<\/div>\n\t\t            <\/div>\n        <\/div>\n        \t\t\t<\/div>\n\t\t<\/section>\n\t\t\t\t<\/div>","protected":false},"excerpt":{"rendered":"<p>Pol\u00edtica de Qualidade Na EQUIWASH, LDA., assumimos o compromisso de prestar um servi\u00e7o de qualidade na comercializa\u00e7\u00e3o de produtos e equipamentos, assegurando assist\u00eancia t\u00e9cnica especializada e solu\u00e7\u00f5es \u00e0 medida das necessidades dos nossos clientes. Trabalhamos diariamente com base num sistema de gest\u00e3o de qualidade eficaz e orientado para a melhoria continua: Satisfa\u00e7\u00e3o do Cliente \u2013 [&hellip;]<\/p>","protected":false},"author":1,"featured_media":0,"parent":0,"menu_order":0,"comment_status":"closed","ping_status":"closed","template":"","meta":{"footnotes":""},"class_list":["post-22155","page","type-page","status-publish","hentry"],"yoast_head":"<!-- This site is optimized with the Yoast SEO plugin v26.3 - https:\/\/yoast.com\/wordpress\/plugins\/seo\/ -->\n<title>Pol\u00edtica de Qualidade - Equiwash<\/title>\n<meta name=\"robots\" content=\"index, follow, max-snippet:-1, max-image-preview:large, max-video-preview:-1\" \/>\n<link rel=\"canonical\" href=\"https:\/\/equiwash.pt\/en\/politica-de-qualidade\/\" \/>\n<meta property=\"og:locale\" content=\"en_GB\" \/>\n<meta property=\"og:type\" content=\"article\" \/>\n<meta property=\"og:title\" content=\"Pol\u00edtica de Qualidade - Equiwash\" \/>\n<meta property=\"og:description\" content=\"Pol\u00edtica de Qualidade Na EQUIWASH, LDA., assumimos o compromisso de prestar um servi\u00e7o de qualidade na comercializa\u00e7\u00e3o de produtos e equipamentos, assegurando assist\u00eancia t\u00e9cnica especializada e solu\u00e7\u00f5es \u00e0 medida das necessidades dos nossos clientes. Trabalhamos diariamente com base num sistema de gest\u00e3o de qualidade eficaz e orientado para a melhoria continua: Satisfa\u00e7\u00e3o do Cliente \u2013 [&hellip;]\" \/>\n<meta property=\"og:url\" content=\"https:\/\/equiwash.pt\/en\/politica-de-qualidade\/\" \/>\n<meta property=\"og:site_name\" content=\"Equiwash\" \/>\n<meta property=\"article:publisher\" content=\"https:\/\/www.facebook.com\/equiwashsystems\/\" \/>\n<meta property=\"article:modified_time\" content=\"2025-10-09T10:38:19+00:00\" \/>\n<meta name=\"twitter:card\" content=\"summary_large_image\" \/>\n<meta name=\"twitter:label1\" content=\"Estimated reading time\" \/>\n\t<meta name=\"twitter:data1\" content=\"1 minute\" \/>\n<script type=\"application\/ld+json\" class=\"yoast-schema-graph\">{\"@context\":\"https:\/\/schema.org\",\"@graph\":[{\"@type\":\"WebPage\",\"@id\":\"https:\/\/equiwash.pt\/politica-de-qualidade\/\",\"url\":\"https:\/\/equiwash.pt\/politica-de-qualidade\/\",\"name\":\"Pol\u00edtica de Qualidade - Equiwash\",\"isPartOf\":{\"@id\":\"https:\/\/equiwash.pt\/#website\"},\"datePublished\":\"2025-10-09T10:00:32+00:00\",\"dateModified\":\"2025-10-09T10:38:19+00:00\",\"breadcrumb\":{\"@id\":\"https:\/\/equiwash.pt\/politica-de-qualidade\/#breadcrumb\"},\"inLanguage\":\"en-GB\",\"potentialAction\":[{\"@type\":\"ReadAction\",\"target\":[\"https:\/\/equiwash.pt\/politica-de-qualidade\/\"]}]},{\"@type\":\"BreadcrumbList\",\"@id\":\"https:\/\/equiwash.pt\/politica-de-qualidade\/#breadcrumb\",\"itemListElement\":[{\"@type\":\"ListItem\",\"position\":1,\"name\":\"In\u00edcio\",\"item\":\"https:\/\/equiwash.pt\/\"},{\"@type\":\"ListItem\",\"position\":2,\"name\":\"Pol\u00edtica de Qualidade\"}]},{\"@type\":\"WebSite\",\"@id\":\"https:\/\/equiwash.pt\/#website\",\"url\":\"https:\/\/equiwash.pt\/\",\"name\":\"Equiwash\",\"description\":\"Especialistas em lavagem autom\u00f3vel\",\"publisher\":{\"@id\":\"https:\/\/equiwash.pt\/#organization\"},\"potentialAction\":[{\"@type\":\"SearchAction\",\"target\":{\"@type\":\"EntryPoint\",\"urlTemplate\":\"https:\/\/equiwash.pt\/?s={search_term_string}\"},\"query-input\":{\"@type\":\"PropertyValueSpecification\",\"valueRequired\":true,\"valueName\":\"search_term_string\"}}],\"inLanguage\":\"en-GB\"},{\"@type\":\"Organization\",\"@id\":\"https:\/\/equiwash.pt\/#organization\",\"name\":\"Equiwash\",\"url\":\"https:\/\/equiwash.pt\/\",\"logo\":{\"@type\":\"ImageObject\",\"inLanguage\":\"en-GB\",\"@id\":\"https:\/\/equiwash.pt\/#\/schema\/logo\/image\/\",\"url\":\"https:\/\/equiwash.pt\/wp-content\/uploads\/2025\/10\/favicon-equiwash-1.jpg\",\"contentUrl\":\"https:\/\/equiwash.pt\/wp-content\/uploads\/2025\/10\/favicon-equiwash-1.jpg\",\"width\":500,\"height\":500,\"caption\":\"Equiwash\"},\"image\":{\"@id\":\"https:\/\/equiwash.pt\/#\/schema\/logo\/image\/\"},\"sameAs\":[\"https:\/\/www.facebook.com\/equiwashsystems\/\"]}]}<\/script>\n<!-- \/ Yoast SEO plugin. -->","yoast_head_json":{"title":"Pol\u00edtica de Qualidade - Equiwash","robots":{"index":"index","follow":"follow","max-snippet":"max-snippet:-1","max-image-preview":"max-image-preview:large","max-video-preview":"max-video-preview:-1"},"canonical":"https:\/\/equiwash.pt\/en\/politica-de-qualidade\/","og_locale":"en_GB","og_type":"article","og_title":"Pol\u00edtica de Qualidade - Equiwash","og_description":"Pol\u00edtica de Qualidade Na EQUIWASH, LDA., assumimos o compromisso de prestar um servi\u00e7o de qualidade na comercializa\u00e7\u00e3o de produtos e equipamentos, assegurando assist\u00eancia t\u00e9cnica especializada e solu\u00e7\u00f5es \u00e0 medida das necessidades dos nossos clientes. Trabalhamos diariamente com base num sistema de gest\u00e3o de qualidade eficaz e orientado para a melhoria continua: Satisfa\u00e7\u00e3o do Cliente \u2013 [&hellip;]","og_url":"https:\/\/equiwash.pt\/en\/politica-de-qualidade\/","og_site_name":"Equiwash","article_publisher":"https:\/\/www.facebook.com\/equiwashsystems\/","article_modified_time":"2025-10-09T10:38:19+00:00","twitter_card":"summary_large_image","twitter_misc":{"Estimated reading time":"1 minute"},"schema":{"@context":"https:\/\/schema.org","@graph":[{"@type":"WebPage","@id":"https:\/\/equiwash.pt\/politica-de-qualidade\/","url":"https:\/\/equiwash.pt\/politica-de-qualidade\/","name":"Pol\u00edtica de Qualidade - Equiwash","isPartOf":{"@id":"https:\/\/equiwash.pt\/#website"},"datePublished":"2025-10-09T10:00:32+00:00","dateModified":"2025-10-09T10:38:19+00:00","breadcrumb":{"@id":"https:\/\/equiwash.pt\/politica-de-qualidade\/#breadcrumb"},"inLanguage":"en-GB","potentialAction":[{"@type":"ReadAction","target":["https:\/\/equiwash.pt\/politica-de-qualidade\/"]}]},{"@type":"BreadcrumbList","@id":"https:\/\/equiwash.pt\/politica-de-qualidade\/#breadcrumb","itemListElement":[{"@type":"ListItem","position":1,"name":"In\u00edcio","item":"https:\/\/equiwash.pt\/"},{"@type":"ListItem","position":2,"name":"Pol\u00edtica de Qualidade"}]},{"@type":"WebSite","@id":"https:\/\/equiwash.pt\/#website","url":"https:\/\/equiwash.pt\/","name":"Equiwash","description":"Especialistas em lavagem autom\u00f3vel","publisher":{"@id":"https:\/\/equiwash.pt\/#organization"},"potentialAction":[{"@type":"SearchAction","target":{"@type":"EntryPoint","urlTemplate":"https:\/\/equiwash.pt\/?s={search_term_string}"},"query-input":{"@type":"PropertyValueSpecification","valueRequired":true,"valueName":"search_term_string"}}],"inLanguage":"en-GB"},{"@type":"Organization","@id":"https:\/\/equiwash.pt\/#organization","name":"Equiwash","url":"https:\/\/equiwash.pt\/","logo":{"@type":"ImageObject","inLanguage":"en-GB","@id":"https:\/\/equiwash.pt\/#\/schema\/logo\/image\/","url":"https:\/\/equiwash.pt\/wp-content\/uploads\/2025\/10\/favicon-equiwash-1.jpg","contentUrl":"https:\/\/equiwash.pt\/wp-content\/uploads\/2025\/10\/favicon-equiwash-1.jpg","width":500,"height":500,"caption":"Equiwash"},"image":{"@id":"https:\/\/equiwash.pt\/#\/schema\/logo\/image\/"},"sameAs":["https:\/\/www.facebook.com\/equiwashsystems\/"]}]}},"_links":{"self":[{"href":"https:\/\/equiwash.pt\/en\/wp-json\/wp\/v2\/pages\/22155","targetHints":{"allow":["GET"]}}],"collection":[{"href":"https:\/\/equiwash.pt\/en\/wp-json\/wp\/v2\/pages"}],"about":[{"href":"https:\/\/equiwash.pt\/en\/wp-json\/wp\/v2\/types\/page"}],"author":[{"embeddable":true,"href":"https:\/\/equiwash.pt\/en\/wp-json\/wp\/v2\/users\/1"}],"replies":[{"embeddable":true,"href":"https:\/\/equiwash.pt\/en\/wp-json\/wp\/v2\/comments?post=22155"}],"version-history":[{"count":7,"href":"https:\/\/equiwash.pt\/en\/wp-json\/wp\/v2\/pages\/22155\/revisions"}],"predecessor-version":[{"id":22171,"href":"https:\/\/equiwash.pt\/en\/wp-json\/wp\/v2\/pages\/22155\/revisions\/22171"}],"wp:attachment":[{"href":"https:\/\/equiwash.pt\/en\/wp-json\/wp\/v2\/media?parent=22155"}],"curies":[{"name":"wp","href":"https:\/\/api.w.org\/{rel}","templated":true}]}}